{"id":341,"date":"2020-10-12T17:54:16","date_gmt":"2020-10-12T14:54:16","guid":{"rendered":"http:\/\/villevieri.com\/autot\/?post_type=product&#038;p=341"},"modified":"2020-10-12T18:05:37","modified_gmt":"2020-10-12T15:05:37","slug":"megasquirt-boksi","status":"publish","type":"product","link":"https:\/\/villevieri.com\/autot\/en\/product\/megasquirt-boksi\/","title":{"rendered":"Megasquirt-boksi 199\u20ac\/249\u20ac"},"content":{"rendered":"<ul>\n<li><a name=\"viri\"><\/a>Sis\u00e4isell\u00e4 MAP-anturilla (vaihtoehdot vapari, 1.5 tai 3 bar ahdoille riitt\u00e4v\u00e4) ja ostajan l\u00e4mp\u00f6antureille sovitettuna.<\/li>\n<li>Hp. 199 EUR (+ postikulut).<\/li>\n<li>MS2-prosessorilla Hp. 249 EUR (+ postikulut)<\/li>\n<\/ul>","protected":false},"excerpt":{"rendered":"<h3>Megasquirt EX moottorinohjaus<\/h3>\n<hr size=\"5\" \/>\n<p><b>Lyhyesti<\/b><\/p>\n<p>Megasquirt EX on Megasquirt v2.2:een (MS1) perustuva moottorinohjausj\u00e4rjestelm\u00e4 jonka elektroniikkaan on tehty muutamia muutoksia sek\u00e4 kokonaan uusi piirilevy. Laite k\u00e4ytt\u00e4\u00e4 Megasquirt Extra -softaa joka sis\u00e4lt\u00e4\u00e4 sytytyksen ohjauksen ja lukuisia muita uusia ominaisuuksia verrattuna alkuper\u00e4iseen.<\/p>\n<p>Boksia voi k\u00e4ytt\u00e4\u00e4 my\u00f6s MS2-versiona.<\/p>\n<p><b>MS Extra ominaisuuksia: <\/b><br \/>\n&#8211; Sytytyksen ohjaus<br \/>\n&#8211; 12&#215;12 kartat polttoaineelle ja sytk\u00e4lle<br \/>\n&#8211; Wasted Spark -suorasytytys, <b>ilman<\/b> erillist\u00e4 ohjausyksikk\u00f6\u00e4 (esim. Ford Edis)<br \/>\n&#8211; monia muita lis\u00e4yksi\u00e4, katso MS Extran weppisaitti<\/p>\n<p><b>Megasquirt EX muutoksia: <\/b><br \/>\n&#8211; Kunnollinen liitin auton johtosarjalle heppoisen D-liittimen sijaan<br \/>\n&#8211; Tuki induktioantureille (Marelli, Nippon-Denso, Honda, jne), parannettu triggeri<br \/>\n&#8211; Lambda-anturin esivahvistin<br \/>\n&#8211; 1, 2.5 tai 4 barin MAP-anturit<\/p>\n<p>Alta l\u00f6yd\u00e4t kytkent\u00e4kaaviot ja piirilevykuvat laitteesta. Boksia on k\u00e4yt\u00f6ss\u00e4 jo hyvin monessa autossa.<\/p>\n<hr \/>\n<p><b>Linkkej\u00e4:<\/b><br \/>\n<a href=\"http:\/\/www.msextra.com\/downloads\/\" target=\"_new\" rel=\"noopener noreferrer\">Megasquirt Extra<\/a>, boksien ohjelmat<br \/>\n<a href=\"http:\/\/www.megamanual.com\/\" target=\"_new\" rel=\"noopener noreferrer\">Megasquirt FAQ<\/a>, mm. Megatunen manuaali (General Info -t\u00e4bin alla)<\/p>\n<p><b>Dokumentteja:<\/b><br \/>\n<a href=\"http:\/\/villevieri.com\/ele\/ms-ex\/MSa-ws2p0.pdf\" target=\"_new\" rel=\"noopener noreferrer\">Johdotuspiirros<\/a>&#8211; sis. suorasytytys missing tooth (60-2, 30-1 jne)<br \/>\n<i>Perinteisen virranjakajan kanssa asennetaan vain boksin pinniin 7 tuleva sytk\u00e4p\u00e4\u00e4te&#8230;<\/i><br \/>\n<a href=\"http:\/\/villevieri.com\/ele\/ms-ex\/Megasquirt_EX_Asennusohjeita_v1_4.pdf\" target=\"_new\" rel=\"noopener noreferrer\">Asennusohje<\/a>, dokumentin versio 1.4<\/p>\n<p><b>Piirilevyversio 2.0: <\/b><br \/>\n<a href=\"http:\/\/villevieri.com\/ele\/ms-ex\/ms_20.pdf\" target=\"_new\" rel=\"noopener noreferrer\">Kytkent\u00e4kaavio, piirilevyversio 2.0<\/a><br \/>\n<a href=\"http:\/\/villevieri.com\/ele\/ms-ex\/ms5sto.pdf\" target=\"_new\" rel=\"noopener noreferrer\">Yl\u00e4puolen ladontakuva<\/a><br \/>\n<a href=\"http:\/\/villevieri.com\/ele\/ms-ex\/ms5sbo.pdf\" target=\"_new\" rel=\"noopener noreferrer\">Alapuolen ladontakuva<\/a><\/p>\n<hr \/>\n<p><b>Vanhemmat piirilevyversiot (ennen 2.0): <\/b><br \/>\n<a href=\"http:\/\/villevieri.com\/ele\/ms-ex\/MSa.pdf\" target=\"_new\" rel=\"noopener noreferrer\">Johdotuspiirros<br \/>\n<\/a> <a href=\"http:\/\/villevieri.com\/ele\/ms-ex\/ms.pdf\" target=\"_new\" rel=\"noopener noreferrer\">Kytkent\u00e4kaavio, vanhemmat versiot<\/a><br \/>\n<a href=\"http:\/\/villevieri.com\/ele\/ms-ex\/komponenttimuutokset.txt\" target=\"_new\" rel=\"noopener noreferrer\">Komponenttimuutokset kytkent\u00e4kaavion arvoihin<\/a> (ennen piirilevy\u00e4 1.4, p\u00e4ivitetty 21.11.2008)<br \/>\n<a href=\"http:\/\/villevieri.com\/ele\/ms-ex\/komponenttilista.xls\" target=\"_new\" rel=\"noopener noreferrer\">Komponenttiluettelo,<\/a> MS Excel.<br \/>\n<a href=\"http:\/\/villevieri.com\/ele\/ms-ex\/komponenttilista.txt\" target=\"_new\" rel=\"noopener noreferrer\">Komponenttiluettelo,<\/a> teksti.<br \/>\n<a href=\"http:\/\/villevieri.com\/ele\/ms-ex\/ms2sbl.pdf\" target=\"_new\" rel=\"noopener noreferrer\">Foliokuva, alapuoli<\/a><br \/>\n<a href=\"http:\/\/villevieri.com\/ele\/ms-ex\/ms2sto.pdf\" target=\"_new\" rel=\"noopener noreferrer\">Yl\u00e4puolen ladontakuva<\/a><br \/>\n<a href=\"http:\/\/villevieri.com\/ele\/ms-ex\/ms2sbo.pdf\" target=\"_new\" rel=\"noopener noreferrer\">Alapuolen ladontakuva<\/a><br \/>\n<a href=\"http:\/\/villevieri.com\/ele\/ms-ex\/pcb-grounding.gif\" target=\"_new\" rel=\"noopener noreferrer\">Maadoituskuva<\/a><br \/>\n<a href=\"http:\/\/villevieri.com\/ele\/ms-ex\/MSa-wastedspark.pdf\" target=\"_new\" rel=\"noopener noreferrer\">Johdotuspiirros suorasytytyksell\u00e4 varustettuun malliin <\/a>&#8211; vanha, 2 anturia<br \/>\nP\u00e4ivitetty 24.04.2020<\/p>\n<hr \/>","protected":false},"featured_media":0,"template":"","meta":{"site-sidebar-layout":"default","site-content-layout":"default","ast-site-content-layout":"default","site-content-style":"default","site-sidebar-style":"default","ast-global-header-display":"","ast-banner-title-visibility":"","ast-main-header-display":"","ast-hfb-above-header-display":"","ast-hfb-below-header-display":"","ast-hfb-mobile-header-display":"","site-post-title":"","ast-breadcrumbs-content":"","ast-featured-img":"disabled","footer-sml-layout":"","ast-disable-related-posts":"","theme-transparent-header-meta":"default","adv-header-id-meta":"","stick-header-meta":"","header-above-stick-meta":"","header-main-stick-meta":"","header-below-stick-meta":"","astra-migrate-meta-layouts":"default","ast-page-background-enabled":"default","ast-page-background-meta":{"desktop":{"background-color":"","background-image":"","background-repeat":"repeat","background-position":"center center","background-size":"auto","background-attachment":"scroll","background-type":"","background-media":"","overlay-type":"","overlay-color":"","overlay-opacity":"","overlay-gradient":""},"tablet":{"background-color":"","background-image":"","background-repeat":"repeat","background-position":"center center","background-size":"auto","background-attachment":"scroll","background-type":"","background-media":"","overlay-type":"","overlay-color":"","overlay-opacity":"","overlay-gradient":""},"mobile":{"background-color":"","background-image":"","background-repeat":"repeat","background-position":"center center","background-size":"auto","background-attachment":"scroll","background-type":"","background-media":"","overlay-type":"","overlay-color":"","overlay-opacity":"","overlay-gradient":""}},"ast-content-background-meta":{"desktop":{"background-color":"var(--ast-global-color-5)","background-image":"","background-repeat":"repeat","background-position":"center center","background-size":"auto","background-attachment":"scroll","background-type":"","background-media":"","overlay-type":"","overlay-color":"","overlay-opacity":"","overlay-gradient":""},"tablet":{"background-color":"var(--ast-global-color-5)","background-image":"","background-repeat":"repeat","background-position":"center center","background-size":"auto","background-attachment":"scroll","background-type":"","background-media":"","overlay-type":"","overlay-color":"","overlay-opacity":"","overlay-gradient":""},"mobile":{"background-color":"var(--ast-global-color-5)","background-image":"","background-repeat":"repeat","background-position":"center center","background-size":"auto","background-attachment":"scroll","background-type":"","background-media":"","overlay-type":"","overlay-color":"","overlay-opacity":"","overlay-gradient":""}}},"product_brand":[],"product_cat":[41],"product_tag":[61],"class_list":{"0":"post-341","1":"product","2":"type-product","3":"status-publish","5":"product_cat-viritysosia-fiat-lancia","6":"product_tag-viritysosa","7":"desktop-align-center","8":"tablet-align-left","9":"mobile-align-left","11":"first","12":"instock","13":"shipping-taxable","14":"product-type-simple"},"_links":{"self":[{"href":"https:\/\/villevieri.com\/autot\/en\/wp-json\/wp\/v2\/product\/341","targetHints":{"allow":["GET"]}}],"collection":[{"href":"https:\/\/villevieri.com\/autot\/en\/wp-json\/wp\/v2\/product"}],"about":[{"href":"https:\/\/villevieri.com\/autot\/en\/wp-json\/wp\/v2\/types\/product"}],"wp:attachment":[{"href":"https:\/\/villevieri.com\/autot\/en\/wp-json\/wp\/v2\/media?parent=341"}],"wp:term":[{"taxonomy":"product_brand","embeddable":true,"href":"https:\/\/villevieri.com\/autot\/en\/wp-json\/wp\/v2\/product_brand?post=341"},{"taxonomy":"product_cat","embeddable":true,"href":"https:\/\/villevieri.com\/autot\/en\/wp-json\/wp\/v2\/product_cat?post=341"},{"taxonomy":"product_tag","embeddable":true,"href":"https:\/\/villevieri.com\/autot\/en\/wp-json\/wp\/v2\/product_tag?post=341"}],"curies":[{"name":"wp","href":"https:\/\/api.w.org\/{rel}","templated":true}]}}