{"id":139,"date":"2020-10-07T13:35:24","date_gmt":"2020-10-07T10:35:24","guid":{"rendered":"http:\/\/villevieri.com\/autot\/?post_type=product&#038;p=139"},"modified":"2021-02-15T13:10:45","modified_gmt":"2021-02-15T11:10:45","slug":"fiat-punto-ja-muut-8v-fire","status":"publish","type":"product","link":"https:\/\/villevieri.com\/autot\/tuote\/fiat-punto-ja-muut-8v-fire\/","title":{"rendered":"Punto 1.2 \u00f6ljypohja 5\u20ac"},"content":{"rendered":"<ul>\n<li><a name=\"Punto\"><\/a>Punto 1.2 \u00f6ljypohja, yhdest\u00e4 kulmasta kolhittu.<\/li>\n<li>Hyv\u00e4 aihio vaikkapa big wing -sumppua rakentavalle.<\/li>\n<li>Hinta <strong>5\u20ac<\/strong><\/li>\n<li>Ota yhteytt\u00e4 myyj\u00e4\u00e4n vvieri (\u00e4t) gmail.com<\/li>\n<\/ul>\n","protected":false},"excerpt":{"rendered":"<p>Punto 1.2 \u00f6ljypohja, yhdest\u00e4 kulmasta kolhittu. Hyv\u00e4 aihio vaikkapa big wing -sumppua rakentavalle. Hinta 5\u20ac Ota yhteytt\u00e4 myyj\u00e4\u00e4n vvieri (\u00e4t) gmail.com<\/p>\n","protected":false},"featured_media":147,"template":"","meta":{"site-sidebar-layout":"default","site-content-layout":"default","ast-site-content-layout":"default","site-content-style":"default","site-sidebar-style":"default","ast-global-header-display":"","ast-banner-title-visibility":"","ast-main-header-display":"","ast-hfb-above-header-display":"","ast-hfb-below-header-display":"","ast-hfb-mobile-header-display":"","site-post-title":"","ast-breadcrumbs-content":"","ast-featured-img":"","footer-sml-layout":"","ast-disable-related-posts":"","theme-transparent-header-meta":"default","adv-header-id-meta":"","stick-header-meta":"","header-above-stick-meta":"","header-main-stick-meta":"","header-below-stick-meta":"","astra-migrate-meta-layouts":"default","ast-page-background-enabled":"default","ast-page-background-meta":{"desktop":{"background-color":"","background-image":"","background-repeat":"repeat","background-position":"center center","background-size":"auto","background-attachment":"scroll","background-type":"","background-media":"","overlay-type":"","overlay-color":"","overlay-opacity":"","overlay-gradient":""},"tablet":{"background-color":"","background-image":"","background-repeat":"repeat","background-position":"center center","background-size":"auto","background-attachment":"scroll","background-type":"","background-media":"","overlay-type":"","overlay-color":"","overlay-opacity":"","overlay-gradient":""},"mobile":{"background-color":"","background-image":"","background-repeat":"repeat","background-position":"center center","background-size":"auto","background-attachment":"scroll","background-type":"","background-media":"","overlay-type":"","overlay-color":"","overlay-opacity":"","overlay-gradient":""}},"ast-content-background-meta":{"desktop":{"background-color":"var(--ast-global-color-5)","background-image":"","background-repeat":"repeat","background-position":"center center","background-size":"auto","background-attachment":"scroll","background-type":"","background-media":"","overlay-type":"","overlay-color":"","overlay-opacity":"","overlay-gradient":""},"tablet":{"background-color":"var(--ast-global-color-5)","background-image":"","background-repeat":"repeat","background-position":"center center","background-size":"auto","background-attachment":"scroll","background-type":"","background-media":"","overlay-type":"","overlay-color":"","overlay-opacity":"","overlay-gradient":""},"mobile":{"background-color":"var(--ast-global-color-5)","background-image":"","background-repeat":"repeat","background-position":"center center","background-size":"auto","background-attachment":"scroll","background-type":"","background-media":"","overlay-type":"","overlay-color":"","overlay-opacity":"","overlay-gradient":""}}},"product_brand":[],"product_cat":[32],"product_tag":[39],"class_list":{"0":"post-139","1":"product","2":"type-product","3":"status-publish","4":"has-post-thumbnail","6":"product_cat-fiat-punto","7":"product_tag-punto","8":"desktop-align-center","9":"tablet-align-left","10":"mobile-align-left","12":"first","13":"instock","14":"shipping-taxable","15":"product-type-simple"},"_links":{"self":[{"href":"https:\/\/villevieri.com\/autot\/wp-json\/wp\/v2\/product\/139","targetHints":{"allow":["GET"]}}],"collection":[{"href":"https:\/\/villevieri.com\/autot\/wp-json\/wp\/v2\/product"}],"about":[{"href":"https:\/\/villevieri.com\/autot\/wp-json\/wp\/v2\/types\/product"}],"wp:featuredmedia":[{"embeddable":true,"href":"https:\/\/villevieri.com\/autot\/wp-json\/wp\/v2\/media\/147"}],"wp:attachment":[{"href":"https:\/\/villevieri.com\/autot\/wp-json\/wp\/v2\/media?parent=139"}],"wp:term":[{"taxonomy":"product_brand","embeddable":true,"href":"https:\/\/villevieri.com\/autot\/wp-json\/wp\/v2\/product_brand?post=139"},{"taxonomy":"product_cat","embeddable":true,"href":"https:\/\/villevieri.com\/autot\/wp-json\/wp\/v2\/product_cat?post=139"},{"taxonomy":"product_tag","embeddable":true,"href":"https:\/\/villevieri.com\/autot\/wp-json\/wp\/v2\/product_tag?post=139"}],"curies":[{"name":"wp","href":"https:\/\/api.w.org\/{rel}","templated":true}]}}