{"id":394,"date":"2020-10-12T18:41:47","date_gmt":"2020-10-12T15:41:47","guid":{"rendered":"http:\/\/villevieri.com\/autot\/?post_type=product&#038;p=394"},"modified":"2021-02-15T13:09:08","modified_gmt":"2021-02-15T11:09:08","slug":"vw-transporter-vetonivel-25e","status":"publish","type":"product","link":"https:\/\/villevieri.com\/autot\/tuote\/vw-transporter-vetonivel-25e\/","title":{"rendered":"VW Transporter vetonivel 25\u20ac"},"content":{"rendered":"<ul>\n<li>VW Transporter vetonivel. Ruville Germany 75416S, ulompi (Poorit: py\u00f6r\u00e4n napa 38, vetoakseli 27)<\/li>\n<li>Hintapyynt\u00f6 25 euroa.<\/li>\n<li>Ota yhteytt\u00e4 myyj\u00e4\u00e4n vvieri (\u00e4t) gmail.com<\/li>\n<\/ul>\n<p>VW varaosakoodit:<\/p>\n<ul>\n<li>OEN 701 498 099 B, BX<\/li>\n<li>OEN JZW 498 340 DX<\/li>\n<\/ul>\n","protected":false},"excerpt":{"rendered":"<p>VW Transporter vetonivel. Ruville Germany 75416S, ulompi (Poorit: py\u00f6r\u00e4n napa 38, vetoakseli 27) Hintapyynt\u00f6 25 euroa. Ota yhteytt\u00e4 myyj\u00e4\u00e4n vvieri (\u00e4t) gmail.com VW varaosakoodit: OEN 701 498 099 B, BX OEN JZW 498 340 DX<\/p>\n","protected":false},"featured_media":395,"template":"","meta":{"site-sidebar-layout":"default","site-content-layout":"default","ast-site-content-layout":"default","site-content-style":"default","site-sidebar-style":"default","ast-global-header-display":"","ast-banner-title-visibility":"","ast-main-header-display":"","ast-hfb-above-header-display":"","ast-hfb-below-header-display":"","ast-hfb-mobile-header-display":"","site-post-title":"","ast-breadcrumbs-content":"","ast-featured-img":"","footer-sml-layout":"","ast-disable-related-posts":"","theme-transparent-header-meta":"default","adv-header-id-meta":"","stick-header-meta":"","header-above-stick-meta":"","header-main-stick-meta":"","header-below-stick-meta":"","astra-migrate-meta-layouts":"default","ast-page-background-enabled":"default","ast-page-background-meta":{"desktop":{"background-color":"","background-image":"","background-repeat":"repeat","background-position":"center center","background-size":"auto","background-attachment":"scroll","background-type":"","background-media":"","overlay-type":"","overlay-color":"","overlay-opacity":"","overlay-gradient":""},"tablet":{"background-color":"","background-image":"","background-repeat":"repeat","background-position":"center center","background-size":"auto","background-attachment":"scroll","background-type":"","background-media":"","overlay-type":"","overlay-color":"","overlay-opacity":"","overlay-gradient":""},"mobile":{"background-color":"","background-image":"","background-repeat":"repeat","background-position":"center center","background-size":"auto","background-attachment":"scroll","background-type":"","background-media":"","overlay-type":"","overlay-color":"","overlay-opacity":"","overlay-gradient":""}},"ast-content-background-meta":{"desktop":{"background-color":"var(--ast-global-color-5)","background-image":"","background-repeat":"repeat","background-position":"center center","background-size":"auto","background-attachment":"scroll","background-type":"","background-media":"","overlay-type":"","overlay-color":"","overlay-opacity":"","overlay-gradient":""},"tablet":{"background-color":"var(--ast-global-color-5)","background-image":"","background-repeat":"repeat","background-position":"center center","background-size":"auto","background-attachment":"scroll","background-type":"","background-media":"","overlay-type":"","overlay-color":"","overlay-opacity":"","overlay-gradient":""},"mobile":{"background-color":"var(--ast-global-color-5)","background-image":"","background-repeat":"repeat","background-position":"center center","background-size":"auto","background-attachment":"scroll","background-type":"","background-media":"","overlay-type":"","overlay-color":"","overlay-opacity":"","overlay-gradient":""}}},"product_brand":[],"product_cat":[51],"product_tag":[85,84],"class_list":{"0":"post-394","1":"product","2":"type-product","3":"status-publish","4":"has-post-thumbnail","6":"product_cat-sekalaista","7":"product_tag-transporter","8":"product_tag-vw","9":"desktop-align-center","10":"tablet-align-left","11":"mobile-align-left","13":"first","14":"instock","15":"shipping-taxable","16":"product-type-simple"},"_links":{"self":[{"href":"https:\/\/villevieri.com\/autot\/wp-json\/wp\/v2\/product\/394","targetHints":{"allow":["GET"]}}],"collection":[{"href":"https:\/\/villevieri.com\/autot\/wp-json\/wp\/v2\/product"}],"about":[{"href":"https:\/\/villevieri.com\/autot\/wp-json\/wp\/v2\/types\/product"}],"wp:featuredmedia":[{"embeddable":true,"href":"https:\/\/villevieri.com\/autot\/wp-json\/wp\/v2\/media\/395"}],"wp:attachment":[{"href":"https:\/\/villevieri.com\/autot\/wp-json\/wp\/v2\/media?parent=394"}],"wp:term":[{"taxonomy":"product_brand","embeddable":true,"href":"https:\/\/villevieri.com\/autot\/wp-json\/wp\/v2\/product_brand?post=394"},{"taxonomy":"product_cat","embeddable":true,"href":"https:\/\/villevieri.com\/autot\/wp-json\/wp\/v2\/product_cat?post=394"},{"taxonomy":"product_tag","embeddable":true,"href":"https:\/\/villevieri.com\/autot\/wp-json\/wp\/v2\/product_tag?post=394"}],"curies":[{"name":"wp","href":"https:\/\/api.w.org\/{rel}","templated":true}]}}